{"id":805,"date":"2021-08-26T00:00:13","date_gmt":"2021-08-26T00:00:13","guid":{"rendered":"http:\/\/127.0.0.1\/wordpress\/?post_type=product&#038;p=805"},"modified":"2025-12-22T05:12:18","modified_gmt":"2025-12-22T05:12:18","slug":"daska-za-secenje-i-serviranje-5","status":"publish","type":"product","link":"https:\/\/spiceup.rs\/en\/product\/daska-za-secenje-i-serviranje-5\/","title":{"rendered":"Daska za se\u010denje i serviranje"},"content":{"rendered":"<div>Daska za se\u010denje i serviranje izradjena je od \u010deonog bagrema.<br \/>\nDimenzije: 350x150x13mm<\/div>\n<div><span class=\"small_txt\">*Nastojimo da budemo \u0161to precizniji u opisu svih proizvoda, ali ne mo\u017eemo da garantujemo da su svi opisi kompletni i bez gre\u0161aka.<\/span><\/div>","protected":false},"excerpt":{"rendered":"<p>Daska za se\u010denje i serviranje izradjena je od \u010deonog bagrema.<br \/>\nDimenzije: 350x150x13mm<\/p>","protected":false},"featured_media":864,"template":"","meta":{"neve_meta_sidebar":"","neve_meta_container":"","neve_meta_enable_content_width":"","neve_meta_content_width":0,"neve_meta_title_alignment":"","neve_meta_author_avatar":"","neve_post_elements_order":"","neve_meta_disable_header":"","neve_meta_disable_footer":"","neve_meta_disable_title":""},"product_cat":[44],"product_tag":[],"_links":{"self":[{"href":"https:\/\/spiceup.rs\/en\/wp-json\/wp\/v3\/product\/805"}],"collection":[{"href":"https:\/\/spiceup.rs\/en\/wp-json\/wp\/v3\/product"}],"about":[{"href":"https:\/\/spiceup.rs\/en\/wp-json\/wp\/v2\/types\/product"}],"wp:featuredmedia":[{"embeddable":true,"href":"https:\/\/spiceup.rs\/en\/wp-json\/wp\/v2\/media\/864"}],"wp:attachment":[{"href":"https:\/\/spiceup.rs\/en\/wp-json\/wp\/v2\/media?parent=805"}],"wp:term":[{"taxonomy":"product_cat","embeddable":true,"href":"https:\/\/spiceup.rs\/en\/wp-json\/wp\/v2\/product_cat?post=805"},{"taxonomy":"product_tag","embeddable":true,"href":"https:\/\/spiceup.rs\/en\/wp-json\/wp\/v2\/product_tag?post=805"}],"curies":[{"name":"wp","href":"https:\/\/api.w.org\/{rel}","templated":true}]}}