{"id":724,"date":"2021-08-25T23:59:23","date_gmt":"2021-08-25T23:59:23","guid":{"rendered":"http:\/\/127.0.0.1\/wordpress\/?post_type=product&#038;p=724"},"modified":"2022-05-02T13:45:00","modified_gmt":"2022-05-02T13:45:00","slug":"daska-sa-secenje-i-serviranje-orah","status":"publish","type":"product","link":"https:\/\/spiceup.rs\/en\/product\/daska-sa-secenje-i-serviranje-orah\/","title":{"rendered":"Daska sa se\u010denje i serviranje (orah)"},"content":{"rendered":"<div id=\"main\">\n<div id=\"maincontent_2col_with_left\">\n<div>\n<div>\n<div>Daska za se\u010denje i serviranje izradjena od orahovog drveta.<br \/>\nDimenzije: 210x150x9 mm<\/div>\n<div><span class=\"small_txt\">*Nastojimo da budemo \u0161to precizniji u opisu svih proizvoda, ali ne mo\u017eemo da garantujemo da su svi opisi kompletni i bez gre\u0161aka.<\/span><\/div>\n<div><\/div>\n<\/div>\n<\/div>\n<\/div>\n<\/div>","protected":false},"excerpt":{"rendered":"<p>Daska za se\u010denje i serviranje izradjena od orahovog drveta.<\/p>","protected":false},"featured_media":784,"template":"","meta":{"neve_meta_sidebar":"","neve_meta_container":"","neve_meta_enable_content_width":"","neve_meta_content_width":0,"neve_meta_title_alignment":"","neve_meta_author_avatar":"","neve_post_elements_order":"","neve_meta_disable_header":"","neve_meta_disable_footer":"","neve_meta_disable_title":""},"product_cat":[44],"product_tag":[],"_links":{"self":[{"href":"https:\/\/spiceup.rs\/en\/wp-json\/wp\/v3\/product\/724"}],"collection":[{"href":"https:\/\/spiceup.rs\/en\/wp-json\/wp\/v3\/product"}],"about":[{"href":"https:\/\/spiceup.rs\/en\/wp-json\/wp\/v2\/types\/product"}],"wp:featuredmedia":[{"embeddable":true,"href":"https:\/\/spiceup.rs\/en\/wp-json\/wp\/v2\/media\/784"}],"wp:attachment":[{"href":"https:\/\/spiceup.rs\/en\/wp-json\/wp\/v2\/media?parent=724"}],"wp:term":[{"taxonomy":"product_cat","embeddable":true,"href":"https:\/\/spiceup.rs\/en\/wp-json\/wp\/v2\/product_cat?post=724"},{"taxonomy":"product_tag","embeddable":true,"href":"https:\/\/spiceup.rs\/en\/wp-json\/wp\/v2\/product_tag?post=724"}],"curies":[{"name":"wp","href":"https:\/\/api.w.org\/{rel}","templated":true}]}}