{"id":701,"date":"2021-08-25T23:59:00","date_gmt":"2021-08-25T23:59:00","guid":{"rendered":"http:\/\/127.0.0.1\/wordpress\/?post_type=product&#038;p=701"},"modified":"2022-05-02T13:41:11","modified_gmt":"2022-05-02T13:41:11","slug":"daska-za-secenje-i-serviranje-orah","status":"publish","type":"product","link":"https:\/\/spiceup.rs\/en\/product\/daska-za-secenje-i-serviranje-orah\/","title":{"rendered":"Daska za se\u010denje i serviranje (orah)"},"content":{"rendered":"<div id=\"main\">\n<div id=\"maincontent_2col_with_left\">\n<div>\n<div>\n<div>\n<p class=\"normal\">Daska za serviranje i se\u010denje \u2013 daska je od visoko kvalitetnog orahovog drveta. Pogodna je za serviranje i se\u010denje.<\/p>\n<p>Dimenzije: 390x290x16mm<\/p>\n<\/div>\n<div><span class=\"small_txt\">*Nastojimo da budemo \u0161to precizniji u opisu svih proizvoda, ali ne mo\u017eemo da garantujemo da su svi opisi kompletni i bez gre\u0161aka.<\/span><\/div>\n<div><\/div>\n<\/div>\n<\/div>\n<\/div>\n<\/div>","protected":false},"excerpt":{"rendered":"<p>Daska za serviranje i se\u010denje \u2013 daska je od visoko kvalitetnog orahovog drveta. Pogodna je za serviranje i se\u010denje.<\/p>","protected":false},"featured_media":776,"template":"","meta":{"neve_meta_sidebar":"","neve_meta_container":"","neve_meta_enable_content_width":"","neve_meta_content_width":0,"neve_meta_title_alignment":"","neve_meta_author_avatar":"","neve_post_elements_order":"","neve_meta_disable_header":"","neve_meta_disable_footer":"","neve_meta_disable_title":""},"product_cat":[44],"product_tag":[],"_links":{"self":[{"href":"https:\/\/spiceup.rs\/en\/wp-json\/wp\/v3\/product\/701"}],"collection":[{"href":"https:\/\/spiceup.rs\/en\/wp-json\/wp\/v3\/product"}],"about":[{"href":"https:\/\/spiceup.rs\/en\/wp-json\/wp\/v2\/types\/product"}],"wp:featuredmedia":[{"embeddable":true,"href":"https:\/\/spiceup.rs\/en\/wp-json\/wp\/v2\/media\/776"}],"wp:attachment":[{"href":"https:\/\/spiceup.rs\/en\/wp-json\/wp\/v2\/media?parent=701"}],"wp:term":[{"taxonomy":"product_cat","embeddable":true,"href":"https:\/\/spiceup.rs\/en\/wp-json\/wp\/v2\/product_cat?post=701"},{"taxonomy":"product_tag","embeddable":true,"href":"https:\/\/spiceup.rs\/en\/wp-json\/wp\/v2\/product_tag?post=701"}],"curies":[{"name":"wp","href":"https:\/\/api.w.org\/{rel}","templated":true}]}}